{"id":53,"date":"2026-02-06T22:18:56","date_gmt":"2026-02-06T22:18:56","guid":{"rendered":"https:\/\/ssaki-urivp.tuke.sk\/?page_id=53"},"modified":"2026-02-25T15:06:05","modified_gmt":"2026-02-25T14:06:05","slug":"vitajte-na-stranke-pobocky-ssaki","status":"publish","type":"page","link":"https:\/\/ssaki-urivp.tuke.sk\/","title":{"rendered":"VITAJTE NA STR\u00c1NKE POBO\u010cKY SSAKI"},"content":{"rendered":"\n<div class=\"wp-block-columns is-layout-flex wp-container-core-columns-is-layout-28f84493 wp-block-columns-is-layout-flex\">\n<div class=\"wp-block-column is-layout-flow wp-block-column-is-layout-flow\">\n<figure class=\"wp-block-image size-full\"><img decoding=\"async\" src=\"https:\/\/ssaki-urivp.tuke.sk\/wp-content\/uploads\/2026\/02\/logo.ec15da12.jpg\" alt=\"\" class=\"wp-image-54\"\/><\/figure>\n\n\n\n<p>Pobo\u010dka SSAKI pri URIVP Fakulty BERG Technickej univerzity v Ko\u0161iciach<\/p>\n<\/div>\n\n\n\n<div class=\"wp-block-column is-layout-flow wp-block-column-is-layout-flow\">\n<p>Pobo\u010dka SSAKI pri URIVP Fakulty BERG TU v Ko\u0161iciach je jednou z dvoch pobo\u010diek SSAKI a p\u00f4sob\u00ed na \u00dastave riadenia a informatiz\u00e1cie procesov Fakulty BERG. Slovensk\u00e1 spolo\u010dnos\u0165 aplikovanej kybernetiky a informatiky (<a href=\"https:\/\/ssaki.tuke.sk\/\" target=\"_blank\" rel=\"noreferrer noopener\">SSAKI<\/a>), je dobrovo\u013en\u00e1, nez\u00e1visl\u00e1 a nepolitick\u00e1 spolo\u010densk\u00e1 organiz\u00e1cia. Je \u010dlenom Zv\u00e4zu slovensk\u00fdch vedeckotechnick\u00fdch spole\u010dnosti (ZSVTS). Poslan\u00edm SSAKI je podpora rozvoja kybernetiz\u00e1cie a informatiz\u00e1cie spolo\u010dnosti na Slovensku, vytv\u00e1ran\u00edm podmienok pre \u00fa\u010deln\u00e9 sp\u00e1janie individu\u00e1lnych a skupinov\u00fdch odborn\u00fdch z\u00e1ujmov \u010dlenov SSAKI a ich zdru\u017een\u00ed.&nbsp;<\/p>\n<\/div>\n<\/div>\n\n\n\n<p class=\"has-text-align-center\"><strong>POBO\u010cKA SSAKI JE \u010cLENOM ZV\u00c4ZU SLOVENSK\u00ddCH VEDECKOTECHNICK\u00ddCH SPOLO\u010cNOST\u00cd<\/strong><\/p>\n\n\n\n<div class=\"wp-block-columns is-layout-flex wp-container-core-columns-is-layout-28f84493 wp-block-columns-is-layout-flex\">\n<div class=\"wp-block-column is-layout-flow wp-block-column-is-layout-flow\">\n<figure class=\"wp-block-image size-full\"><img decoding=\"async\" src=\"https:\/\/ssaki-urivp.tuke.sk\/wp-content\/uploads\/2026\/02\/rsz_logo_zsvts.1546f3fa.jpg\" alt=\"\" class=\"wp-image-55\"\/><\/figure>\n\n\n\n<p>Zv\u00e4z slovensk\u00fdch vedeckotechnick\u00fdch spolo\u010dnost\u00ed<\/p>\n<\/div>\n\n\n\n<div class=\"wp-block-column is-layout-flow wp-block-column-is-layout-flow\">\n<p>Zv\u00e4z slovensk\u00fdch vedeckotechnick\u00fdch spolo\u010dnost\u00ed (ZSVTS) je dobrovo\u013en\u00e9, verejnoprospe\u0161n\u00e9, neziskov\u00e9, demokratick\u00e9 a nepolitick\u00e9 zdru\u017eenie z\u00e1ujmov\u00fdch odborn\u00fdch vedeckotechnick\u00fdch spolo\u010dnost\u00ed, komit\u00e9tov a \u00fazemn\u00fdch koordina\u010dn\u00fdch centier. Bol ustanoven\u00fd na slovenskom zjazde b\u00fdvalej \u010ceskoslovenskej vedeckotechnickej spolo\u010dnosti d\u0148a 17.3. 1990. Reprezentuje viac ako 30-tis\u00edcov\u00fa \u010dlensk\u00fa z\u00e1klad\u0148u, zdru\u017een\u00fa v 48 odborn\u00fdch spolo\u010dnostiach, ktor\u00e9 maj\u00fa svojich \u010dlenov prakticky vo v\u00e4\u010d\u0161ine podnikov, \u00fastavov a odborn\u00fdch vysok\u00fdch \u0161k\u00f4l v Slovenskej republike. Odborn\u00fdm poslan\u00edm Zv\u00e4zu je pomoc pri zvy\u0161ovan\u00ed \u00farovne vedy a techniky v SR, rozv\u00edjan\u00ed vzdel\u00e1vania a medzin\u00e1rodnej spolupr\u00e1ce v oblasti vedy a techniky, rie\u0161en\u00ed \u00faloh v r\u00e1mci \u0161t\u00e1tnej technickej politiky.&nbsp;<\/p>\n\n\n\n<ul class=\"wp-block-list\">\n<li><a href=\"http:\/\/zsvts.sk\/\">Str\u00e1nka ZSVTS<\/a><\/li>\n<\/ul>\n<\/div>\n<\/div>\n","protected":false},"excerpt":{"rendered":"<p>Pobo\u010dka SSAKI pri URIVP Fakulty BERG Technickej univerzity v Ko\u0161iciach Pobo\u010dka SSAKI pri URIVP Fakulty BERG TU v Ko\u0161iciach je jednou z [&hellip;]<\/p>\n","protected":false},"author":1,"featured_media":0,"parent":0,"menu_order":0,"comment_status":"closed","ping_status":"closed","template":"","meta":{"footnotes":""},"class_list":["post-53","page","type-page","status-publish","hentry"],"_links":{"self":[{"href":"https:\/\/ssaki-urivp.tuke.sk\/index.php?rest_route=\/wp\/v2\/pages\/53","targetHints":{"allow":["GET"]}}],"collection":[{"href":"https:\/\/ssaki-urivp.tuke.sk\/index.php?rest_route=\/wp\/v2\/pages"}],"about":[{"href":"https:\/\/ssaki-urivp.tuke.sk\/index.php?rest_route=\/wp\/v2\/types\/page"}],"author":[{"embeddable":true,"href":"https:\/\/ssaki-urivp.tuke.sk\/index.php?rest_route=\/wp\/v2\/users\/1"}],"replies":[{"embeddable":true,"href":"https:\/\/ssaki-urivp.tuke.sk\/index.php?rest_route=%2Fwp%2Fv2%2Fcomments&post=53"}],"version-history":[{"count":4,"href":"https:\/\/ssaki-urivp.tuke.sk\/index.php?rest_route=\/wp\/v2\/pages\/53\/revisions"}],"predecessor-version":[{"id":128,"href":"https:\/\/ssaki-urivp.tuke.sk\/index.php?rest_route=\/wp\/v2\/pages\/53\/revisions\/128"}],"wp:attachment":[{"href":"https:\/\/ssaki-urivp.tuke.sk\/index.php?rest_route=%2Fwp%2Fv2%2Fmedia&parent=53"}],"curies":[{"name":"wp","href":"https:\/\/api.w.org\/{rel}","templated":true}]}}