{"id":51,"date":"2026-02-06T22:14:14","date_gmt":"2026-02-06T22:14:14","guid":{"rendered":"https:\/\/ssaki-urivp.tuke.sk\/?page_id=51"},"modified":"2026-03-19T11:09:12","modified_gmt":"2026-03-19T10:09:12","slug":"kontakt","status":"publish","type":"page","link":"https:\/\/ssaki-urivp.tuke.sk\/?page_id=51","title":{"rendered":"Kontakt"},"content":{"rendered":"\n<h4 class=\"wp-block-heading\">Adresa:<\/h4>\n\n\n\n<p>N\u011bmcovej 226\/3<br>040 01 Ko\u0161ice-Sever,<br>Slovensk\u00e1 republika&nbsp;<\/p>\n\n\n\n<h4 class=\"wp-block-heading\">Identifika\u010dn\u00e9 \u010d\u00edslo<\/h4>\n\n\n\n<p>I\u010cO: 508 67 458&nbsp;<br>DI\u010c: 2120609491<\/p>\n\n\n\n<h4 class=\"wp-block-heading\">Bankov\u00e9 spojenie:<\/h4>\n\n\n\n<p>\u010d\u00edslo \u00fa\u010dtu: 4025259156\/7500<br>IBAN: SK83 7500 0000 0040 2525 9156<\/p>\n","protected":false},"excerpt":{"rendered":"<p>Adresa: N\u011bmcovej 226\/3040 01 Ko\u0161ice-Sever,Slovensk\u00e1 republika&nbsp; Identifika\u010dn\u00e9 \u010d\u00edslo I\u010cO: 508 67 458&nbsp;DI\u010c: 2120609491 Bankov\u00e9 spojenie: \u010d\u00edslo \u00fa\u010dtu: 4025259156\/7500IBAN: SK83 7500 0000 0040 [&hellip;]<\/p>\n","protected":false},"author":1,"featured_media":0,"parent":0,"menu_order":0,"comment_status":"closed","ping_status":"closed","template":"","meta":{"footnotes":""},"class_list":["post-51","page","type-page","status-publish","hentry"],"_links":{"self":[{"href":"https:\/\/ssaki-urivp.tuke.sk\/index.php?rest_route=\/wp\/v2\/pages\/51","targetHints":{"allow":["GET"]}}],"collection":[{"href":"https:\/\/ssaki-urivp.tuke.sk\/index.php?rest_route=\/wp\/v2\/pages"}],"about":[{"href":"https:\/\/ssaki-urivp.tuke.sk\/index.php?rest_route=\/wp\/v2\/types\/page"}],"author":[{"embeddable":true,"href":"https:\/\/ssaki-urivp.tuke.sk\/index.php?rest_route=\/wp\/v2\/users\/1"}],"replies":[{"embeddable":true,"href":"https:\/\/ssaki-urivp.tuke.sk\/index.php?rest_route=%2Fwp%2Fv2%2Fcomments&post=51"}],"version-history":[{"count":2,"href":"https:\/\/ssaki-urivp.tuke.sk\/index.php?rest_route=\/wp\/v2\/pages\/51\/revisions"}],"predecessor-version":[{"id":130,"href":"https:\/\/ssaki-urivp.tuke.sk\/index.php?rest_route=\/wp\/v2\/pages\/51\/revisions\/130"}],"wp:attachment":[{"href":"https:\/\/ssaki-urivp.tuke.sk\/index.php?rest_route=%2Fwp%2Fv2%2Fmedia&parent=51"}],"curies":[{"name":"wp","href":"https:\/\/api.w.org\/{rel}","templated":true}]}}