{"id":2,"date":"2016-05-10T03:48:21","date_gmt":"2016-05-10T03:48:21","guid":{"rendered":"https:\/\/ssaki-urivp.tuke.sk\/?page_id=2"},"modified":"2026-02-06T21:45:49","modified_gmt":"2026-02-06T21:45:49","slug":"sample-page","status":"publish","type":"page","link":"https:\/\/ssaki-urivp.tuke.sk\/?page_id=2","title":{"rendered":"POBO\u010cKA SSAKI PRI URIVP, FAKULTY BERG"},"content":{"rendered":"<p data-v-0c71d3f6=\"\">Pobo\u010dka <a href=\"https:\/\/ssaki.tuke.sk\/\" target=\"_blank\" rel=\"noopener\" data-v-0c71d3f6=\"\">SSAKI<\/a> pri URIVP Fakulty BERG TU v Ko\u0161iciach m\u00e1 v s\u00fa\u010dasnosti 40 \u010dlenov a v\u00e4\u010d\u0161ina z nich p\u00f4sob\u00ed na \u00dastave riadenia a informatiz\u00e1cie v\u00fdrobn\u00fdch procesov <a href=\"http:\/\/web.tuke.sk\/uraivp\/\" data-v-0c71d3f6=\"\">(URAIVP)<\/a>.Organizuje odborno-vzdel\u00e1vacie podujatia v r\u00e1mci vlastnej organiz\u00e1cie alebo ako spoluorganiz\u00e1tor s in\u00fdmi organiz\u00e1ciami, \u010falej vykon\u00e1va poradensk\u00fa a propaga\u010dn\u00fa \u010dinnos\u0165. Zabezpe\u010duje spolupr\u00e1cu s dom\u00e1cimi a zahrani\u010dn\u00fdmi organiz\u00e1ciami a spolo\u010dnos\u0165ami zameran\u00fdmi na podobn\u00fa odborn\u00fa \u010dinnos\u0165. Taktie\u017e podporuje zap\u00e1janie sa \u0161tudentov do \u010dinnosti SSAKI a ako spoluorganiz\u00e1tor sa podie\u013ea na podujatiach odborn\u00fdch vedeck\u00fdch s\u00fa\u0165a\u017e\u00ed v oblastiach automatiz\u00e1cie, kybernetiky a informatiky.<\/p>\n<h3 data-v-0c71d3f6=\"\">Spolupr\u00e1ca<\/h3>\n<ul data-v-0c71d3f6=\"\">\n<li data-v-0c71d3f6=\"\"><i class=\"ri-check-double-line\" data-v-0c71d3f6=\"\"><\/i>Pobo\u010dka SSAKI pri <a href=\"https:\/\/ssaki.tuke.sk\/kpi\/\" data-v-0c71d3f6=\"\">KPI<\/a><\/li>\n<li data-v-0c71d3f6=\"\"><i class=\"ri-check-double-line\" data-v-0c71d3f6=\"\"><\/i>Jednota slov. matematikov a fyzikov <a href=\"https:\/\/jsmf.fberg.tuke.sk\/\" data-v-0c71d3f6=\"\">JSMF<\/a><\/li>\n<\/ul>\n\n\n<p class=\"has-text-align-center\"><strong>Sidlo<\/strong><\/p>\n\n\n\n<p>Pobo\u010dka SSAKI pri URIVP Fakulty BERG TU v Ko\u0161iciach s\u00eddli na ulici Bo\u017eeny N\u011bmcovej 3 v Ko\u0161iciach v mestskej \u010dasti Ko\u0161ice &#8211; Sever.<\/p>\n\n\n\n<p><\/p>\n\n\n\n<figure class=\"wp-block-image size-full\"><img decoding=\"async\" src=\"https:\/\/ssaki-urivp.tuke.sk\/wp-content\/uploads\/2026\/02\/Uraivp_build.0c061690.jpg\" alt=\"\" class=\"wp-image-7\"\/><\/figure>\n","protected":false},"excerpt":{"rendered":"<p>Pobo\u010dka SSAKI pri URIVP Fakulty BERG TU v Ko\u0161iciach m\u00e1 v s\u00fa\u010dasnosti 40 \u010dlenov a v\u00e4\u010d\u0161ina z nich p\u00f4sob\u00ed na \u00dastave riadenia [&hellip;]<\/p>\n","protected":false},"author":1,"featured_media":0,"parent":0,"menu_order":0,"comment_status":"closed","ping_status":"open","template":"","meta":{"footnotes":""},"class_list":["post-2","page","type-page","status-publish","hentry"],"_links":{"self":[{"href":"https:\/\/ssaki-urivp.tuke.sk\/index.php?rest_route=\/wp\/v2\/pages\/2","targetHints":{"allow":["GET"]}}],"collection":[{"href":"https:\/\/ssaki-urivp.tuke.sk\/index.php?rest_route=\/wp\/v2\/pages"}],"about":[{"href":"https:\/\/ssaki-urivp.tuke.sk\/index.php?rest_route=\/wp\/v2\/types\/page"}],"author":[{"embeddable":true,"href":"https:\/\/ssaki-urivp.tuke.sk\/index.php?rest_route=\/wp\/v2\/users\/1"}],"replies":[{"embeddable":true,"href":"https:\/\/ssaki-urivp.tuke.sk\/index.php?rest_route=%2Fwp%2Fv2%2Fcomments&post=2"}],"version-history":[{"count":3,"href":"https:\/\/ssaki-urivp.tuke.sk\/index.php?rest_route=\/wp\/v2\/pages\/2\/revisions"}],"predecessor-version":[{"id":10,"href":"https:\/\/ssaki-urivp.tuke.sk\/index.php?rest_route=\/wp\/v2\/pages\/2\/revisions\/10"}],"wp:attachment":[{"href":"https:\/\/ssaki-urivp.tuke.sk\/index.php?rest_route=%2Fwp%2Fv2%2Fmedia&parent=2"}],"curies":[{"name":"wp","href":"https:\/\/api.w.org\/{rel}","templated":true}]}}